{"id":25,"date":"2016-11-02T22:45:23","date_gmt":"2016-11-02T21:45:23","guid":{"rendered":"http:\/\/127.0.0.1\/wordpress\/?page_id=25"},"modified":"2024-04-27T13:36:52","modified_gmt":"2024-04-27T12:36:52","slug":"hassan-ii","status":"publish","type":"page","link":"https:\/\/energieterre.com\/index.php\/hassan-ii\/","title":{"rendered":"Hassan II"},"content":{"rendered":"<p style=\"text-align: left;\">Il est \u00e9galement remarquable par la qualit\u00e9 du site, install\u00e9 au milieu d\u2019une gorge exceptionnelle.<\/p>\n<p>HASSAN II est d\u2019une capacit\u00e9 de 404Millions de m3, le 6 Janvier 2012 il est rempli \u00e0 96,2% avec 389 millions de m3. Hassan II est un barrage poids de 115 m de haut et 600 m de longueur en cr\u00eate. Il comprend des ouvrages annexes constitu\u00e9s de deux \u00e9vacuateurs de crues, une vidange de fond et deux prises d\u2019eau. C\u2019est le plus haut barrage au Maroc de type poids en b\u00e9ton compact\u00e9 au rouleau. Sa r\u00e9alisation a n\u00e9cessit\u00e9 la mise en place de 620 000 m3 de b\u00e9ton.<\/p>\n<p>&nbsp;<\/p>\n<p><img loading=\"lazy\" decoding=\"async\" class=\"wp-image-74 aligncenter\" src=\"https:\/\/energieterre.com\/wp-content\/uploads\/2016\/12\/cropped-Hassan_MCH-1-300x70.jpg\" alt=\"\" width=\"694\" height=\"162\" srcset=\"https:\/\/energieterre.com\/wp-content\/uploads\/2016\/12\/cropped-Hassan_MCH-1-300x70.jpg 300w, https:\/\/energieterre.com\/wp-content\/uploads\/2016\/12\/cropped-Hassan_MCH-1-768x179.jpg 768w, https:\/\/energieterre.com\/wp-content\/uploads\/2016\/12\/cropped-Hassan_MCH-1-1024x238.jpg 1024w, https:\/\/energieterre.com\/wp-content\/uploads\/2016\/12\/cropped-Hassan_MCH-1.jpg 1200w\" sizes=\"(max-width: 694px) 100vw, 694px\" \/><\/p>\n<p>&nbsp;<\/p>\n<p>&nbsp;<\/p>\n<p><img loading=\"lazy\" decoding=\"async\" class=\"wp-image-140 aligncenter\" src=\"https:\/\/energieterre.com\/wp-content\/uploads\/2016\/12\/Hassan-II-Small-300x200-1-300x200.jpg\" alt=\"\" width=\"696\" height=\"464\" \/><\/p>\n<p>&nbsp;<\/p>\n<p>&nbsp;<\/p>\n<p>&nbsp;<\/p>\n<p>&nbsp;<\/p>\n","protected":false},"excerpt":{"rendered":"<p>Il est \u00e9galement remarquable par la qualit\u00e9 du site, install\u00e9 au milieu d\u2019une gorge exceptionnelle. HASSAN II est d\u2019une capacit\u00e9 de 404Millions de m3, le 6 Janvier 2012 il est rempli \u00e0 96,2% avec 389 millions de m3. Hassan II est un barrage poids de 115 m de haut et 600 m de longueur en [&hellip;]<\/p>\n","protected":false},"author":1,"featured_media":0,"parent":0,"menu_order":0,"comment_status":"closed","ping_status":"closed","template":"","meta":{"footnotes":""},"_links":{"self":[{"href":"https:\/\/energieterre.com\/index.php\/wp-json\/wp\/v2\/pages\/25"}],"collection":[{"href":"https:\/\/energieterre.com\/index.php\/wp-json\/wp\/v2\/pages"}],"about":[{"href":"https:\/\/energieterre.com\/index.php\/wp-json\/wp\/v2\/types\/page"}],"author":[{"embeddable":true,"href":"https:\/\/energieterre.com\/index.php\/wp-json\/wp\/v2\/users\/1"}],"replies":[{"embeddable":true,"href":"https:\/\/energieterre.com\/index.php\/wp-json\/wp\/v2\/comments?post=25"}],"version-history":[{"count":2,"href":"https:\/\/energieterre.com\/index.php\/wp-json\/wp\/v2\/pages\/25\/revisions"}],"predecessor-version":[{"id":152,"href":"https:\/\/energieterre.com\/index.php\/wp-json\/wp\/v2\/pages\/25\/revisions\/152"}],"wp:attachment":[{"href":"https:\/\/energieterre.com\/index.php\/wp-json\/wp\/v2\/media?parent=25"}],"curies":[{"name":"wp","href":"https:\/\/api.w.org\/{rel}","templated":true}]}}