{"id":29,"date":"2016-11-02T22:49:24","date_gmt":"2016-11-02T21:49:24","guid":{"rendered":"http:\/\/127.0.0.1\/wordpress\/?page_id=29"},"modified":"2024-04-27T13:39:52","modified_gmt":"2024-04-27T12:39:52","slug":"sidi-driss","status":"publish","type":"page","link":"https:\/\/energieterre.com\/index.php\/sidi-driss\/","title":{"rendered":"Sidi Driss"},"content":{"rendered":"<p>Le barrage SIDI DRISS situ\u00e9 sur l\u2019oued Lakhdar, est l\u2019ouvrage compensateur des l\u00e2chers du barrage HASSAN 1er. La retenue de SIDI DRIS contr\u00f4le \u00e9galement les apports importants de l\u2019oued Ghzef, affluent de l\u2019oued Lakhdar. Le barrage assure principalement l\u2019alimentation en eau potable de la ville de Marrakech et en eau d\u2019irrigation de la Grande Hydraulique du Haouz Central, via le canal de rocade dont la prise est situ\u00e9e imm\u00e9diatement \u00e0 l\u2019aval du barrage.<\/p>\n<p>Le canal de Rocade est aliment\u00e9 actuellement par la prise agricole du barrage. Le projet de SIDI DRIS a \u00e9t\u00e9 con\u00e7u de mani\u00e8re \u00e0 ce que le canal puisse \u00e9galement \u00eatre aliment\u00e9 par l\u2019usine en projet.<\/p>\n<p><img loading=\"lazy\" decoding=\"async\" class=\"wp-image-153  aligncenter\" src=\"https:\/\/energieterre.com\/wp-content\/uploads\/2024\/04\/IMG_3833-300x225.jpg\" alt=\"\" width=\"540\" height=\"405\" srcset=\"https:\/\/energieterre.com\/wp-content\/uploads\/2024\/04\/IMG_3833-300x225.jpg 300w, https:\/\/energieterre.com\/wp-content\/uploads\/2024\/04\/IMG_3833-1024x768.jpg 1024w, https:\/\/energieterre.com\/wp-content\/uploads\/2024\/04\/IMG_3833-768x576.jpg 768w, https:\/\/energieterre.com\/wp-content\/uploads\/2024\/04\/IMG_3833-1536x1152.jpg 1536w, https:\/\/energieterre.com\/wp-content\/uploads\/2024\/04\/IMG_3833-2048x1536.jpg 2048w\" sizes=\"(max-width: 540px) 100vw, 540px\" \/><\/p>\n<p>&nbsp;<\/p>\n<p style=\"text-align: center;\"><img loading=\"lazy\" decoding=\"async\" class=\" wp-image-154 aligncenter\" src=\"https:\/\/energieterre.com\/wp-content\/uploads\/2024\/04\/SidiDrissSmall-300x200.png\" alt=\"\" width=\"531\" height=\"354\" srcset=\"https:\/\/energieterre.com\/wp-content\/uploads\/2024\/04\/SidiDrissSmall-300x200.png 300w, https:\/\/energieterre.com\/wp-content\/uploads\/2024\/04\/SidiDrissSmall-1024x683.png 1024w, https:\/\/energieterre.com\/wp-content\/uploads\/2024\/04\/SidiDrissSmall-768x512.png 768w, https:\/\/energieterre.com\/wp-content\/uploads\/2024\/04\/SidiDrissSmall.png 1200w\" sizes=\"(max-width: 531px) 100vw, 531px\" \/><\/p>\n","protected":false},"excerpt":{"rendered":"<p>Le barrage SIDI DRISS situ\u00e9 sur l\u2019oued Lakhdar, est l\u2019ouvrage compensateur des l\u00e2chers du barrage HASSAN 1er. La retenue de SIDI DRIS contr\u00f4le \u00e9galement les apports importants de l\u2019oued Ghzef, affluent de l\u2019oued Lakhdar. Le barrage assure principalement l\u2019alimentation en eau potable de la ville de Marrakech et en eau d\u2019irrigation de la Grande Hydraulique [&hellip;]<\/p>\n","protected":false},"author":1,"featured_media":0,"parent":0,"menu_order":0,"comment_status":"closed","ping_status":"closed","template":"","meta":{"footnotes":""},"_links":{"self":[{"href":"https:\/\/energieterre.com\/index.php\/wp-json\/wp\/v2\/pages\/29"}],"collection":[{"href":"https:\/\/energieterre.com\/index.php\/wp-json\/wp\/v2\/pages"}],"about":[{"href":"https:\/\/energieterre.com\/index.php\/wp-json\/wp\/v2\/types\/page"}],"author":[{"embeddable":true,"href":"https:\/\/energieterre.com\/index.php\/wp-json\/wp\/v2\/users\/1"}],"replies":[{"embeddable":true,"href":"https:\/\/energieterre.com\/index.php\/wp-json\/wp\/v2\/comments?post=29"}],"version-history":[{"count":1,"href":"https:\/\/energieterre.com\/index.php\/wp-json\/wp\/v2\/pages\/29\/revisions"}],"predecessor-version":[{"id":155,"href":"https:\/\/energieterre.com\/index.php\/wp-json\/wp\/v2\/pages\/29\/revisions\/155"}],"wp:attachment":[{"href":"https:\/\/energieterre.com\/index.php\/wp-json\/wp\/v2\/media?parent=29"}],"curies":[{"name":"wp","href":"https:\/\/api.w.org\/{rel}","templated":true}]}}