{"id":31,"date":"2016-11-02T22:50:15","date_gmt":"2016-11-02T21:50:15","guid":{"rendered":"http:\/\/127.0.0.1\/wordpress\/?page_id=31"},"modified":"2024-04-27T13:32:18","modified_gmt":"2024-04-27T12:32:18","slug":"sidi-said","status":"publish","type":"page","link":"https:\/\/energieterre.com\/index.php\/sidi-said\/","title":{"rendered":"Sidi Said"},"content":{"rendered":"<p>Le site de Sidi Sa\u00efd est remarquable \u00e0 plus d\u2019un titre. Le site est exceptionnel par son potentiel \u00e9nerg\u00e9tique, aliment\u00e9 par la retenue du barrage Hassan II. Avec une infrastructure existante en cours de r\u00e9habilitation.<\/p>\n<p><!--more--><img loading=\"lazy\" decoding=\"async\" class=\"alignnone  wp-image-147 aligncenter\" src=\"https:\/\/energieterre.com\/wp-content\/uploads\/2024\/04\/aSidi-Said-0028-300x295.jpg\" alt=\"\" width=\"391\" height=\"384\" srcset=\"https:\/\/energieterre.com\/wp-content\/uploads\/2024\/04\/aSidi-Said-0028-300x295.jpg 300w, https:\/\/energieterre.com\/wp-content\/uploads\/2024\/04\/aSidi-Said-0028-75x75.jpg 75w, https:\/\/energieterre.com\/wp-content\/uploads\/2024\/04\/aSidi-Said-0028.jpg 744w\" sizes=\"(max-width: 391px) 100vw, 391px\" \/><\/p>\n<p>&nbsp;<\/p>\n<p>Il est \u00e9galement remarquable par la qualit\u00e9 du site, install\u00e9 au milieu d\u2019une gorge exceptionnelle. Le site est compos\u00e9 d\u2019un canal d\u2019amen\u00e9e d\u2019eau creus\u00e9 au c\u0153ur de la montagne depuis le barrage.<\/p>\n<p>&nbsp;<\/p>\n<p>Il est compos\u00e9 d\u2019un b\u00e2timent en partie haute et d\u2019un b\u00e2timent turbines creus\u00e9 au c\u0153ur de la montagne 40m en contrebas au pied des gorges.<\/p>\n<p><img loading=\"lazy\" decoding=\"async\" class=\"alignnone  wp-image-148 aligncenter\" src=\"https:\/\/energieterre.com\/wp-content\/uploads\/2024\/04\/cSidi-Said-0045-300x225.jpg\" alt=\"\" width=\"479\" height=\"359\" srcset=\"https:\/\/energieterre.com\/wp-content\/uploads\/2024\/04\/cSidi-Said-0045-300x225.jpg 300w, https:\/\/energieterre.com\/wp-content\/uploads\/2024\/04\/cSidi-Said-0045.jpg 744w\" sizes=\"(max-width: 479px) 100vw, 479px\" \/><\/p>\n<p>Le site a n\u00e9cessit\u00e9 une r\u00e9vision compl\u00e8te des mat\u00e9riels et des syst\u00e8mes de r\u00e9gulations existants. Des travaux de voirie importants ont \u00e9galement d\u00fb \u00eatre r\u00e9alis\u00e9s.<\/p>\n<p>&nbsp;<\/p>\n<p>&nbsp;<\/p>\n<p>&nbsp;<\/p>\n<p><img loading=\"lazy\" decoding=\"async\" class=\" wp-image-149 aligncenter\" src=\"https:\/\/energieterre.com\/wp-content\/uploads\/2024\/04\/fSidi-Said-0052-300x225.jpg\" alt=\"\" width=\"456\" height=\"342\" srcset=\"https:\/\/energieterre.com\/wp-content\/uploads\/2024\/04\/fSidi-Said-0052-300x225.jpg 300w, https:\/\/energieterre.com\/wp-content\/uploads\/2024\/04\/fSidi-Said-0052.jpg 744w\" sizes=\"(max-width: 456px) 100vw, 456px\" \/><\/p>\n<p>&nbsp;<\/p>\n","protected":false},"excerpt":{"rendered":"<p>Le site de Sidi Sa\u00efd est remarquable \u00e0 plus d\u2019un titre. Le site est exceptionnel par son potentiel \u00e9nerg\u00e9tique, aliment\u00e9 par la retenue du barrage Hassan II. Avec une infrastructure existante en cours de r\u00e9habilitation.<\/p>\n","protected":false},"author":1,"featured_media":0,"parent":0,"menu_order":0,"comment_status":"closed","ping_status":"closed","template":"","meta":{"footnotes":""},"_links":{"self":[{"href":"https:\/\/energieterre.com\/index.php\/wp-json\/wp\/v2\/pages\/31"}],"collection":[{"href":"https:\/\/energieterre.com\/index.php\/wp-json\/wp\/v2\/pages"}],"about":[{"href":"https:\/\/energieterre.com\/index.php\/wp-json\/wp\/v2\/types\/page"}],"author":[{"embeddable":true,"href":"https:\/\/energieterre.com\/index.php\/wp-json\/wp\/v2\/users\/1"}],"replies":[{"embeddable":true,"href":"https:\/\/energieterre.com\/index.php\/wp-json\/wp\/v2\/comments?post=31"}],"version-history":[{"count":1,"href":"https:\/\/energieterre.com\/index.php\/wp-json\/wp\/v2\/pages\/31\/revisions"}],"predecessor-version":[{"id":150,"href":"https:\/\/energieterre.com\/index.php\/wp-json\/wp\/v2\/pages\/31\/revisions\/150"}],"wp:attachment":[{"href":"https:\/\/energieterre.com\/index.php\/wp-json\/wp\/v2\/media?parent=31"}],"curies":[{"name":"wp","href":"https:\/\/api.w.org\/{rel}","templated":true}]}}