{"id":63,"date":"2016-11-10T21:40:20","date_gmt":"2016-11-10T20:40:20","guid":{"rendered":"http:\/\/127.0.0.1\/wordpress\/?page_id=63"},"modified":"2024-04-27T13:41:24","modified_gmt":"2024-04-27T12:41:24","slug":"wirgane","status":"publish","type":"page","link":"https:\/\/energieterre.com\/index.php\/wirgane\/","title":{"rendered":"Wirgane"},"content":{"rendered":"<p>La localit\u00e9 de Wirgane est situ\u00e9e sur la route qui relie Marrakech \u00e0 Taroudant, chef-lieu de la commune rurale du m\u00eame nom, dans la province d&rsquo;Al Haouz (r\u00e9gion de Marrakech-Tensift-Al Haouz). Situ\u00e9 \u00e0 environ 64 km de Marrakech, nich\u00e9 au c\u0153ur d&rsquo;un paysage alpestre du Haut Atlas Marocain, le village s&rsquo;\u00e9tage de 900 \u00e0 1000 m\u00e8tres d&rsquo;altitude. Il se trouve sur la route qui m\u00e8ne au col de Tizi N&rsquo;Test.<\/p>\n<p>Le barrage de Wirgane sur l\u2019Oued N\u2019Fis est situ\u00e9 \u00e0 environ 22 km en amont du barrage Lalla Takerkoust. L\u2019oued N&rsquo;Fiss est un cours d&rsquo;eau marocain de la r\u00e9gion Marrakech-Tensift-Al Haouz qui descend du Haut Atlas et se jette dans le Tensift, en rive gauche, \u00e0 une trentaine de kilom\u00e8tres \u00e0 l&rsquo;ouest de Marrakech.<\/p>\n<p><img loading=\"lazy\" decoding=\"async\" class=\" wp-image-127 aligncenter\" src=\"https:\/\/energieterre.com\/wp-content\/uploads\/2016\/12\/cropped-Wirgane_Barrage_Small-830x259-1-300x94.jpg\" alt=\"\" width=\"664\" height=\"208\" srcset=\"https:\/\/energieterre.com\/wp-content\/uploads\/2016\/12\/cropped-Wirgane_Barrage_Small-830x259-1-300x94.jpg 300w, https:\/\/energieterre.com\/wp-content\/uploads\/2016\/12\/cropped-Wirgane_Barrage_Small-830x259-1-768x240.jpg 768w, https:\/\/energieterre.com\/wp-content\/uploads\/2016\/12\/cropped-Wirgane_Barrage_Small-830x259-1.jpg 830w\" sizes=\"(max-width: 664px) 100vw, 664px\" \/><\/p>\n<p>&nbsp;<\/p>\n<p>Ce barrage avec une retenue de 70 Mm3, permet d\u2019augmenter le volume r\u00e9gularis\u00e9 des apports de l\u2019oued N\u2019fis de 68 \u00e0 85 Mm3 \/an, et de renforcer l\u2019alimentation en eau potable et industrielle de l\u2019agglom\u00e9ration de Marrakech et ses environs. Le r\u00f4le du Barrage est principalement l\u2019apport en eau potable de l\u2019agglom\u00e9ration.<\/p>\n<p><img loading=\"lazy\" decoding=\"async\" class=\"wp-image-129 aligncenter\" src=\"https:\/\/energieterre.com\/wp-content\/uploads\/2016\/12\/cropped-Wirgane_Barrage02-1-300x150.png\" alt=\"\" width=\"702\" height=\"351\" srcset=\"https:\/\/energieterre.com\/wp-content\/uploads\/2016\/12\/cropped-Wirgane_Barrage02-1-300x150.png 300w, https:\/\/energieterre.com\/wp-content\/uploads\/2016\/12\/cropped-Wirgane_Barrage02-1-768x384.png 768w, https:\/\/energieterre.com\/wp-content\/uploads\/2016\/12\/cropped-Wirgane_Barrage02-1-1024x512.png 1024w, https:\/\/energieterre.com\/wp-content\/uploads\/2016\/12\/cropped-Wirgane_Barrage02-1.png 1600w\" sizes=\"(max-width: 702px) 100vw, 702px\" \/><\/p>\n<p>&nbsp;<\/p>\n","protected":false},"excerpt":{"rendered":"<p>La localit\u00e9 de Wirgane est situ\u00e9e sur la route qui relie Marrakech \u00e0 Taroudant, chef-lieu de la commune rurale du m\u00eame nom, dans la province d&rsquo;Al Haouz (r\u00e9gion de Marrakech-Tensift-Al Haouz). Situ\u00e9 \u00e0 environ 64 km de Marrakech, nich\u00e9 au c\u0153ur d&rsquo;un paysage alpestre du Haut Atlas Marocain, le village s&rsquo;\u00e9tage de 900 \u00e0 1000 [&hellip;]<\/p>\n","protected":false},"author":1,"featured_media":0,"parent":0,"menu_order":0,"comment_status":"closed","ping_status":"closed","template":"","meta":{"footnotes":""},"_links":{"self":[{"href":"https:\/\/energieterre.com\/index.php\/wp-json\/wp\/v2\/pages\/63"}],"collection":[{"href":"https:\/\/energieterre.com\/index.php\/wp-json\/wp\/v2\/pages"}],"about":[{"href":"https:\/\/energieterre.com\/index.php\/wp-json\/wp\/v2\/types\/page"}],"author":[{"embeddable":true,"href":"https:\/\/energieterre.com\/index.php\/wp-json\/wp\/v2\/users\/1"}],"replies":[{"embeddable":true,"href":"https:\/\/energieterre.com\/index.php\/wp-json\/wp\/v2\/comments?post=63"}],"version-history":[{"count":1,"href":"https:\/\/energieterre.com\/index.php\/wp-json\/wp\/v2\/pages\/63\/revisions"}],"predecessor-version":[{"id":156,"href":"https:\/\/energieterre.com\/index.php\/wp-json\/wp\/v2\/pages\/63\/revisions\/156"}],"wp:attachment":[{"href":"https:\/\/energieterre.com\/index.php\/wp-json\/wp\/v2\/media?parent=63"}],"curies":[{"name":"wp","href":"https:\/\/api.w.org\/{rel}","templated":true}]}}